{"id":2,"date":"2021-07-24T22:38:31","date_gmt":"2021-07-24T22:38:31","guid":{"rendered":"http:\/\/remonty.rzetelnie.com.pl\/?page_id=2"},"modified":"2021-07-26T22:18:53","modified_gmt":"2021-07-26T22:18:53","slug":"sample-page","status":"publish","type":"page","link":"https:\/\/remonty.rzetelnie.com.pl\/","title":{"rendered":"Realizacje"},"content":{"rendered":"\n<p>Wielu zadowolonych klient\u00f3w:<br><\/p>\n\n\n\n<figure class=\"wp-block-image size-large\"><img decoding=\"async\" src=\"https:\/\/images.pexels.com\/photos\/5387641\/pexels-photo-5387641.jpeg?cs=srgb&amp;dl=pexels-designer%27s-circle-interior-designer-5387641.jpg&amp;fm=jpg\" alt=\"\"\/><\/figure>\n\n\n\n<blockquote class=\"wp-block-quote is-layout-flow wp-block-quote-is-layout-flow\"><p>Hey, ten facet to przys\u0142owiowa z\u0142ota r\u0105czka. Zrobi wszystko od A do Z i nie pozostawi po sobie kiep\u00f3w na wycieraczce \ud83d\ude42 <\/p><\/blockquote>\n\n\n\n<p>Gwarantowana jako\u015b\u0107 wykonanych prac na lata.<br><\/p>\n\n\n\n<figure class=\"wp-block-image size-large\"><img decoding=\"async\" src=\"https:\/\/images.pexels.com\/photos\/8772020\/pexels-photo-8772020.jpeg?cs=srgb&amp;dl=pexels-andrea-davis-8772020.jpg&amp;fm=jpg\" alt=\"\"\/><\/figure>\n\n\n\n<blockquote class=\"wp-block-quote is-layout-flow wp-block-quote-is-layout-flow\"><p>Tynk gipsowy nie odpada jeszcze a mieli\u015bmy juz 3 imprezy z wszystkimi  kolegami  z liceum!<\/p><\/blockquote>\n\n\n\n<p><\/p>\n","protected":false},"excerpt":{"rendered":"<p>Wielu zadowolonych klient\u00f3w: Hey, ten facet to przys\u0142owiowa z\u0142ota r\u0105czka. Zrobi wszystko od A do Z i nie pozostawi po sobie kiep\u00f3w na wycieraczce \ud83d\ude42 Gwarantowana jako\u015b\u0107 wykonanych prac na lata. Tynk gipsowy nie odpada jeszcze a mieli\u015bmy juz 3 imprezy z wszystkimi kolegami z liceum!<\/p>\n","protected":false},"author":1,"featured_media":0,"parent":0,"menu_order":0,"comment_status":"closed","ping_status":"open","template":"","meta":{"footnotes":""},"class_list":["post-2","page","type-page","status-publish","hentry"],"_links":{"self":[{"href":"https:\/\/remonty.rzetelnie.com.pl\/index.php?rest_route=\/wp\/v2\/pages\/2","targetHints":{"allow":["GET"]}}],"collection":[{"href":"https:\/\/remonty.rzetelnie.com.pl\/index.php?rest_route=\/wp\/v2\/pages"}],"about":[{"href":"https:\/\/remonty.rzetelnie.com.pl\/index.php?rest_route=\/wp\/v2\/types\/page"}],"author":[{"embeddable":true,"href":"https:\/\/remonty.rzetelnie.com.pl\/index.php?rest_route=\/wp\/v2\/users\/1"}],"replies":[{"embeddable":true,"href":"https:\/\/remonty.rzetelnie.com.pl\/index.php?rest_route=%2Fwp%2Fv2%2Fcomments&post=2"}],"version-history":[{"count":3,"href":"https:\/\/remonty.rzetelnie.com.pl\/index.php?rest_route=\/wp\/v2\/pages\/2\/revisions"}],"predecessor-version":[{"id":35,"href":"https:\/\/remonty.rzetelnie.com.pl\/index.php?rest_route=\/wp\/v2\/pages\/2\/revisions\/35"}],"wp:attachment":[{"href":"https:\/\/remonty.rzetelnie.com.pl\/index.php?rest_route=%2Fwp%2Fv2%2Fmedia&parent=2"}],"curies":[{"name":"wp","href":"https:\/\/api.w.org\/{rel}","templated":true}]}}