{"id":18,"date":"2021-07-26T20:07:45","date_gmt":"2021-07-26T20:07:45","guid":{"rendered":"https:\/\/remonty.rzetelnie.com.pl\/?page_id=18"},"modified":"2021-07-26T20:07:45","modified_gmt":"2021-07-26T20:07:45","slug":"cennik","status":"publish","type":"page","link":"https:\/\/remonty.rzetelnie.com.pl\/?page_id=18","title":{"rendered":"Cennik"},"content":{"rendered":"\n<p>Kuchnie: bambilion pesos\/m2 wyko\u0144czenia<\/p>\n\n\n\n<p>\u0141azienki: tylko p\u00f3\u0142tora bambiliona pesos\/m2 wyko\u0144czenia<\/p>\n\n\n\n<p>Pozosta\u0142e: Promocja &#8211; 45 m2 gratis<\/p>\n","protected":false},"excerpt":{"rendered":"<p>Kuchnie: bambilion pesos\/m2 wyko\u0144czenia \u0141azienki: tylko p\u00f3\u0142tora bambiliona pesos\/m2 wyko\u0144czenia Pozosta\u0142e: Promocja &#8211; 45 m2 gratis<\/p>\n","protected":false},"author":1,"featured_media":0,"parent":0,"menu_order":0,"comment_status":"closed","ping_status":"closed","template":"","meta":{"footnotes":""},"class_list":["post-18","page","type-page","status-publish","hentry"],"_links":{"self":[{"href":"https:\/\/remonty.rzetelnie.com.pl\/index.php?rest_route=\/wp\/v2\/pages\/18","targetHints":{"allow":["GET"]}}],"collection":[{"href":"https:\/\/remonty.rzetelnie.com.pl\/index.php?rest_route=\/wp\/v2\/pages"}],"about":[{"href":"https:\/\/remonty.rzetelnie.com.pl\/index.php?rest_route=\/wp\/v2\/types\/page"}],"author":[{"embeddable":true,"href":"https:\/\/remonty.rzetelnie.com.pl\/index.php?rest_route=\/wp\/v2\/users\/1"}],"replies":[{"embeddable":true,"href":"https:\/\/remonty.rzetelnie.com.pl\/index.php?rest_route=%2Fwp%2Fv2%2Fcomments&post=18"}],"version-history":[{"count":1,"href":"https:\/\/remonty.rzetelnie.com.pl\/index.php?rest_route=\/wp\/v2\/pages\/18\/revisions"}],"predecessor-version":[{"id":19,"href":"https:\/\/remonty.rzetelnie.com.pl\/index.php?rest_route=\/wp\/v2\/pages\/18\/revisions\/19"}],"wp:attachment":[{"href":"https:\/\/remonty.rzetelnie.com.pl\/index.php?rest_route=%2Fwp%2Fv2%2Fmedia&parent=18"}],"curies":[{"name":"wp","href":"https:\/\/api.w.org\/{rel}","templated":true}]}}